{"id":67,"date":"2021-05-11T15:31:04","date_gmt":"2021-05-11T13:31:04","guid":{"rendered":"http:\/\/protosss.pl\/?page_id=67"},"modified":"2021-05-13T13:48:50","modified_gmt":"2021-05-13T11:48:50","slug":"nieruchomosci","status":"publish","type":"page","link":"https:\/\/protosss.pl\/index.php\/nieruchomosci\/","title":{"rendered":"Nieruchomo\u015bci"},"content":{"rendered":"\n<p>Firma&nbsp;<strong>Protosss&nbsp;<\/strong>poza strategicznym doradztwem biznesowym dzia\u0142a samodzielnie na rynku nieruchomo\u015bci. Specjalizujemy si\u0119 w:<\/p>\n\n\n\n<ul><li>obrocie grunt\u00f3w i dzia\u0142ek<\/li><li>obrocie nieruchomo\u015bci mieszkalnych\u00a0i komercyjnych<\/li><li>skupie nieruchomo\u015bci z \u00a0problemami prawnymi\u00a0oraz nieuregulowanym stanem prawnym<\/li><\/ul>\n\n\n\n<p>Posiadamy wieloletnie do\u015bwiadczenie w powy\u017cszym zakresie, jeste\u015bmy znanym i cenionym partnerem na rynku nieruchomo\u015bci.<\/p>\n","protected":false},"excerpt":{"rendered":"<p>Firma&nbsp;Protosss&nbsp;poza strategicznym doradztwem biznesowym dzia\u0142a samodzielnie na rynku nieruchomo\u015bci. Specjalizujemy si\u0119 w: obrocie grunt\u00f3w i dzia\u0142ek obrocie nieruchomo\u015bci mieszkalnych\u00a0i komercyjnych skupie nieruchomo\u015bci z \u00a0problemami prawnymi\u00a0oraz nieuregulowanym stanem prawnym Posiadamy wieloletnie do\u015bwiadczenie w powy\u017cszym zakresie, jeste\u015bmy znanym i cenionym partnerem na rynku nieruchomo\u015bci.<\/p>\n","protected":false},"author":1,"featured_media":0,"parent":0,"menu_order":0,"comment_status":"closed","ping_status":"closed","template":"","meta":[],"_links":{"self":[{"href":"https:\/\/protosss.pl\/index.php\/wp-json\/wp\/v2\/pages\/67"}],"collection":[{"href":"https:\/\/protosss.pl\/index.php\/wp-json\/wp\/v2\/pages"}],"about":[{"href":"https:\/\/protosss.pl\/index.php\/wp-json\/wp\/v2\/types\/page"}],"author":[{"embeddable":true,"href":"https:\/\/protosss.pl\/index.php\/wp-json\/wp\/v2\/users\/1"}],"replies":[{"embeddable":true,"href":"https:\/\/protosss.pl\/index.php\/wp-json\/wp\/v2\/comments?post=67"}],"version-history":[{"count":3,"href":"https:\/\/protosss.pl\/index.php\/wp-json\/wp\/v2\/pages\/67\/revisions"}],"predecessor-version":[{"id":79,"href":"https:\/\/protosss.pl\/index.php\/wp-json\/wp\/v2\/pages\/67\/revisions\/79"}],"wp:attachment":[{"href":"https:\/\/protosss.pl\/index.php\/wp-json\/wp\/v2\/media?parent=67"}],"curies":[{"name":"wp","href":"https:\/\/api.w.org\/{rel}","templated":true}]}}