{"id":37,"date":"2017-09-07T08:42:47","date_gmt":"2017-09-07T06:42:47","guid":{"rendered":"http:\/\/new.protostorun.pl\/?page_id=37"},"modified":"2021-05-11T15:39:46","modified_gmt":"2021-05-11T13:39:46","slug":"doradztwo","status":"publish","type":"page","link":"https:\/\/protosss.pl\/index.php\/doradztwo\/","title":{"rendered":"Doradztwo"},"content":{"rendered":"<p>Firma <strong>Protosss\u00a0<\/strong>doradza w:<\/p>\n<ul>\n<li>pozyskiwaniu \u017ar\u00f3de\u0142 finansowania dla przedsi\u0119biorstw,<\/li>\n<li>zarz\u0105dzaniu zasobami ludzkimi,<\/li>\n<li>usprawnianiu proces\u00f3w oraz budowaniu dojrza\u0142o\u015bci organizacyjnej,<\/li>\n<li>w wyst\u0119powaniu przed ubezpieczycielami.<\/li>\n<li>organizowaniu funkcjonowania firm transportowych oraz z bran\u017cy automotive,<\/li>\n<li>tworzeniu rynku zbytu dla us\u0142ug transportowych,<\/li>\n<li>bie\u017c\u0105cej obs\u0142udze serwisowej i eksploatacyjnej taboru samochodowego,<\/li>\n<\/ul>\n<p>Posiadamy wieloletnie do\u015bwiadczenie w powy\u017cszym zakresie, jeste\u015bmy znanym i cenionym partnerem na rynku transportowym.<\/p>\n","protected":false},"excerpt":{"rendered":"<p>Firma Protosss\u00a0doradza w: pozyskiwaniu \u017ar\u00f3de\u0142 finansowania dla przedsi\u0119biorstw, zarz\u0105dzaniu zasobami ludzkimi, usprawnianiu proces\u00f3w oraz budowaniu dojrza\u0142o\u015bci organizacyjnej, w wyst\u0119powaniu przed ubezpieczycielami. organizowaniu funkcjonowania firm transportowych oraz z bran\u017cy automotive, tworzeniu rynku zbytu dla us\u0142ug transportowych, bie\u017c\u0105cej obs\u0142udze serwisowej i eksploatacyjnej taboru samochodowego, Posiadamy wieloletnie do\u015bwiadczenie w powy\u017cszym zakresie, jeste\u015bmy znanym i cenionym partnerem na rynku [&hellip;]<\/p>\n","protected":false},"author":1,"featured_media":0,"parent":0,"menu_order":0,"comment_status":"closed","ping_status":"closed","template":"","meta":[],"_links":{"self":[{"href":"https:\/\/protosss.pl\/index.php\/wp-json\/wp\/v2\/pages\/37"}],"collection":[{"href":"https:\/\/protosss.pl\/index.php\/wp-json\/wp\/v2\/pages"}],"about":[{"href":"https:\/\/protosss.pl\/index.php\/wp-json\/wp\/v2\/types\/page"}],"author":[{"embeddable":true,"href":"https:\/\/protosss.pl\/index.php\/wp-json\/wp\/v2\/users\/1"}],"replies":[{"embeddable":true,"href":"https:\/\/protosss.pl\/index.php\/wp-json\/wp\/v2\/comments?post=37"}],"version-history":[{"count":3,"href":"https:\/\/protosss.pl\/index.php\/wp-json\/wp\/v2\/pages\/37\/revisions"}],"predecessor-version":[{"id":77,"href":"https:\/\/protosss.pl\/index.php\/wp-json\/wp\/v2\/pages\/37\/revisions\/77"}],"wp:attachment":[{"href":"https:\/\/protosss.pl\/index.php\/wp-json\/wp\/v2\/media?parent=37"}],"curies":[{"name":"wp","href":"https:\/\/api.w.org\/{rel}","templated":true}]}}