{"id":29,"date":"2017-09-07T08:34:45","date_gmt":"2017-09-07T06:34:45","guid":{"rendered":"http:\/\/new.protostorun.pl\/?page_id=29"},"modified":"2021-05-11T15:37:18","modified_gmt":"2021-05-11T13:37:18","slug":"o-nas","status":"publish","type":"page","link":"https:\/\/protosss.pl\/index.php\/o-nas\/","title":{"rendered":"O nas"},"content":{"rendered":"<p class=\"\">Witamy na stronie firmy PROTOSSS Sp. z o.o.<\/p>\n<p class=\"\">W zak\u0142adce\u00a0<em class=\"\">Doradztwo\u00a0<\/em>znajdziecie Pa\u0144stwo opis naszej dzia\u0142alno\u015bci zwi\u0105zanej z profesjonalnym doradztwem biznesowym.<br \/>\nW zak\u0142adce\u00a0<em class=\"\">Nieruchomo\u015bci\u00a0<\/em>opisane s\u0105 szerzej nasze dzia\u0142ania zwi\u0105zane z obrotem oraz obs\u0142ug\u0105 nieruchomo\u015bci.<br \/>\nW dziale <em>K<\/em><em class=\"\">ontakt\u00a0<\/em>znajduj\u0105 si\u0119 wszelkie informacje umo\u017cliwiaj\u0105ce nawi\u0105zanie kontaktu.<\/p>\n<p class=\"\">Zapraszamy do wsp\u00f3\u0142pracy!<\/p>\n","protected":false},"excerpt":{"rendered":"<p>Witamy na stronie firmy PROTOSSS Sp. z o.o. W zak\u0142adce\u00a0Doradztwo\u00a0znajdziecie Pa\u0144stwo opis naszej dzia\u0142alno\u015bci zwi\u0105zanej z profesjonalnym doradztwem biznesowym. W zak\u0142adce\u00a0Nieruchomo\u015bci\u00a0opisane s\u0105 szerzej nasze dzia\u0142ania zwi\u0105zane z obrotem oraz obs\u0142ug\u0105 nieruchomo\u015bci. W dziale Kontakt\u00a0znajduj\u0105 si\u0119 wszelkie informacje umo\u017cliwiaj\u0105ce nawi\u0105zanie kontaktu. Zapraszamy do wsp\u00f3\u0142pracy!<\/p>\n","protected":false},"author":1,"featured_media":0,"parent":0,"menu_order":0,"comment_status":"closed","ping_status":"closed","template":"","meta":[],"_links":{"self":[{"href":"https:\/\/protosss.pl\/index.php\/wp-json\/wp\/v2\/pages\/29"}],"collection":[{"href":"https:\/\/protosss.pl\/index.php\/wp-json\/wp\/v2\/pages"}],"about":[{"href":"https:\/\/protosss.pl\/index.php\/wp-json\/wp\/v2\/types\/page"}],"author":[{"embeddable":true,"href":"https:\/\/protosss.pl\/index.php\/wp-json\/wp\/v2\/users\/1"}],"replies":[{"embeddable":true,"href":"https:\/\/protosss.pl\/index.php\/wp-json\/wp\/v2\/comments?post=29"}],"version-history":[{"count":9,"href":"https:\/\/protosss.pl\/index.php\/wp-json\/wp\/v2\/pages\/29\/revisions"}],"predecessor-version":[{"id":74,"href":"https:\/\/protosss.pl\/index.php\/wp-json\/wp\/v2\/pages\/29\/revisions\/74"}],"wp:attachment":[{"href":"https:\/\/protosss.pl\/index.php\/wp-json\/wp\/v2\/media?parent=29"}],"curies":[{"name":"wp","href":"https:\/\/api.w.org\/{rel}","templated":true}]}}